{"id":8,"date":"2023-04-26T17:09:05","date_gmt":"2023-04-26T17:09:05","guid":{"rendered":"http:\/\/www.presidentinpihvi.fi\/?page_id=8"},"modified":"2025-03-21T17:35:00","modified_gmt":"2025-03-21T17:35:00","slug":"jooh","status":"publish","type":"page","link":"https:\/\/www.presidentinpihvi.fi\/","title":{"rendered":"Alkuper\u00e4inen Presidentin Pihvi marinadi."},"content":{"rendered":"\n<p>Presidentin Pihvi sai alkunsa vuonna 1981 kun Presidentti Urho Kekkosen 1. adjuntantti Lasse W\u00e4chter l\u00e4hetti valintamyym\u00e4l\u00e4 Tmi H. Toivaselle kiitoskirjeen presidentin illalliselle toimitetuista valmiiksi marinoiduista lihoista.<\/p>\n\n\n\n<figure class=\"wp-block-gallery has-nested-images columns-default is-cropped wp-block-gallery-1 is-layout-flex wp-block-gallery-is-layout-flex\">\n<figure class=\"wp-block-image size-large\"><img loading=\"lazy\" decoding=\"async\" width=\"457\" height=\"573\" data-id=\"14\" src=\"http:\/\/www.presidentinpihvi.fi\/wp-content\/uploads\/2023\/04\/kirje1.png\" alt=\"\" class=\"wp-image-14\" srcset=\"https:\/\/www.presidentinpihvi.fi\/wp-content\/uploads\/2023\/04\/kirje1.png 457w, https:\/\/www.presidentinpihvi.fi\/wp-content\/uploads\/2023\/04\/kirje1-239x300.png 239w\" sizes=\"auto, (max-width: 457px) 100vw, 457px\" \/><\/figure>\n\n\n\n<figure class=\"wp-block-image size-large\"><img loading=\"lazy\" decoding=\"async\" width=\"959\" height=\"958\" data-id=\"12\" src=\"http:\/\/www.presidentinpihvi.fi\/wp-content\/uploads\/2023\/04\/WhatsApp-Image-2023-04-26-at-14.48.46.jpeg\" alt=\"\" class=\"wp-image-12\" srcset=\"https:\/\/www.presidentinpihvi.fi\/wp-content\/uploads\/2023\/04\/WhatsApp-Image-2023-04-26-at-14.48.46.jpeg 959w, https:\/\/www.presidentinpihvi.fi\/wp-content\/uploads\/2023\/04\/WhatsApp-Image-2023-04-26-at-14.48.46-300x300.jpeg 300w, https:\/\/www.presidentinpihvi.fi\/wp-content\/uploads\/2023\/04\/WhatsApp-Image-2023-04-26-at-14.48.46-150x150.jpeg 150w, https:\/\/www.presidentinpihvi.fi\/wp-content\/uploads\/2023\/04\/WhatsApp-Image-2023-04-26-at-14.48.46-768x767.jpeg 768w, https:\/\/www.presidentinpihvi.fi\/wp-content\/uploads\/2023\/04\/WhatsApp-Image-2023-04-26-at-14.48.46-75x75.jpeg 75w\" sizes=\"auto, (max-width: 959px) 100vw, 959px\" \/><\/figure>\n<\/figure>\n\n\n\n<p><\/p>\n\n\n\n<p><strong>Presidentin Pihvi marinadi- ja grillauskastike <\/strong>on tilattavissa kaikkiin <strong>K-Ryhm\u00e4n <\/strong>ruokakauppoihin. Kauppias saa tilattua tuotteen sen <strong>EAN-koodilla.<\/strong> Lis\u00e4ksi <strong>Presidentin Pihvi marinadi- ja grillauskastike<\/strong> on saatavilla <strong>Turun Osuuskaupan<\/strong> myym\u00e4l\u00f6ist\u00e4.<\/p>\n\n\n\n<p>Tilausta teht\u00e4ess\u00e4 k\u00e4ytett\u00e4v\u00e4t EAN koodit ovat: Kuluttajapakkaus <strong>6429830244707<\/strong> ja Myyntier\u00e4pakkaus <strong>16429830244704<\/strong>.<\/p>\n\n\n<ul class=\"wp-block-page-list\"><li class=\"wp-block-pages-list__item menu-item-home\"><a class=\"wp-block-pages-list__item__link\" href=\"https:\/\/www.presidentinpihvi.fi\/\">Alkuper\u00e4inen Presidentin Pihvi marinadi.<\/a><\/li><li class=\"wp-block-pages-list__item\"><a class=\"wp-block-pages-list__item__link\" href=\"https:\/\/www.presidentinpihvi.fi\/?page_id=19\">Yhteystiedot.<\/a><\/li><\/ul>","protected":false},"excerpt":{"rendered":"<p>Presidentin Pihvi sai alkunsa vuonna 1981 kun Presidentti Urho Kekkosen 1. adjuntantti Lasse W\u00e4chter l\u00e4hetti valintamyym\u00e4l\u00e4 Tmi H. Toivaselle kiitoskirjeen presidentin illalliselle toimitetuista valmiiksi marinoiduista lihoista. Presidentin Pihvi marinadi- ja grillauskastike on tilattavissa kaikkiin K-Ryhm\u00e4n ruokakauppoihin. Kauppias saa tilattua tuotteen sen EAN-koodilla. Lis\u00e4ksi Presidentin Pihvi marinadi- ja grillauskastike on saatavilla Turun Osuuskaupan myym\u00e4l\u00f6ist\u00e4. Tilausta teht\u00e4ess\u00e4 k\u00e4ytett\u00e4v\u00e4t EAN koodit ovat: Kuluttajapakkaus 6429830244707 ja Myyntier\u00e4pakkaus 16429830244704.<\/p>\n","protected":false},"author":1,"featured_media":0,"parent":0,"menu_order":0,"comment_status":"closed","ping_status":"closed","template":"","meta":{"footnotes":""},"class_list":["post-8","page","type-page","status-publish","hentry"],"_links":{"self":[{"href":"https:\/\/www.presidentinpihvi.fi\/index.php?rest_route=\/wp\/v2\/pages\/8","targetHints":{"allow":["GET"]}}],"collection":[{"href":"https:\/\/www.presidentinpihvi.fi\/index.php?rest_route=\/wp\/v2\/pages"}],"about":[{"href":"https:\/\/www.presidentinpihvi.fi\/index.php?rest_route=\/wp\/v2\/types\/page"}],"author":[{"embeddable":true,"href":"https:\/\/www.presidentinpihvi.fi\/index.php?rest_route=\/wp\/v2\/users\/1"}],"replies":[{"embeddable":true,"href":"https:\/\/www.presidentinpihvi.fi\/index.php?rest_route=%2Fwp%2Fv2%2Fcomments&post=8"}],"version-history":[{"count":7,"href":"https:\/\/www.presidentinpihvi.fi\/index.php?rest_route=\/wp\/v2\/pages\/8\/revisions"}],"predecessor-version":[{"id":45,"href":"https:\/\/www.presidentinpihvi.fi\/index.php?rest_route=\/wp\/v2\/pages\/8\/revisions\/45"}],"wp:attachment":[{"href":"https:\/\/www.presidentinpihvi.fi\/index.php?rest_route=%2Fwp%2Fv2%2Fmedia&parent=8"}],"curies":[{"name":"wp","href":"https:\/\/api.w.org\/{rel}","templated":true}]}}